{"id":10,"date":"2025-09-08T11:47:59","date_gmt":"2025-09-08T11:47:59","guid":{"rendered":"http:\/\/braunuvdum.hjc.cz\/?page_id=10"},"modified":"2026-04-14T15:03:40","modified_gmt":"2026-04-14T15:03:40","slug":"uvodni-stranka","status":"publish","type":"page","link":"https:\/\/www.braunuvdum.cz\/en\/","title":{"rendered":"\u00davodn\u00ed str\u00e1nka"},"content":{"rendered":"<div data-elementor-type=\"wp-page\" data-elementor-id=\"10\" class=\"elementor elementor-10\" data-elementor-post-type=\"page\">\n\t\t\t\t<div class=\"elementor-element elementor-element-a14b7e2 e-con-full e-flex e-con e-parent\" data-id=\"a14b7e2\" data-element_type=\"container\" data-e-type=\"container\">\n\t\t\t\t<div class=\"elementor-element elementor-element-3ca55d5 elementor-hidden-mobile elementor-widget elementor-widget-video\" data-id=\"3ca55d5\" data-element_type=\"widget\" data-e-type=\"widget\" data-settings=\"{&quot;video_type&quot;:&quot;hosted&quot;,&quot;autoplay&quot;:&quot;yes&quot;,&quot;play_on_mobile&quot;:&quot;yes&quot;,&quot;loop&quot;:&quot;yes&quot;,&quot;mute&quot;:&quot;yes&quot;}\" data-widget_type=\"video.default\">\n\t\t\t\t\t\t\t<div class=\"e-hosted-video elementor-wrapper elementor-open-inline\">\n\t\t\t\t\t<video class=\"elementor-video\" src=\"https:\/\/www.braunuvdum.cz\/wp-content\/uploads\/2025\/10\/Braunuv-dum-15-vterin-Vol.-03-1.mov\" autoplay=\"\" loop=\"\" muted=\"muted\" playsinline=\"\" controlslist=\"nodownload\"><\/video>\n\t\t\t\t<\/div>\n\t\t\t\t\t\t<\/div>\n\t\t\t\t<div class=\"elementor-element elementor-element-8113412 elementor-hidden-desktop elementor-hidden-tablet elementor-widget elementor-widget-video\" data-id=\"8113412\" data-element_type=\"widget\" data-e-type=\"widget\" data-settings=\"{&quot;video_type&quot;:&quot;hosted&quot;,&quot;autoplay&quot;:&quot;yes&quot;,&quot;play_on_mobile&quot;:&quot;yes&quot;,&quot;loop&quot;:&quot;yes&quot;,&quot;mute&quot;:&quot;yes&quot;}\" data-widget_type=\"video.default\">\n\t\t\t\t\t\t\t<div class=\"e-hosted-video elementor-wrapper elementor-open-inline\">\n\t\t\t\t\t<video class=\"elementor-video\" src=\"https:\/\/www.braunuvdum.cz\/wp-content\/uploads\/2025\/10\/Braunuv-dum-15-vterin-Vol.-03-1.mov\" autoplay=\"\" loop=\"\" muted=\"muted\" playsinline=\"\" controlslist=\"nodownload\"><\/video>\n\t\t\t\t<\/div>\n\t\t\t\t\t\t<\/div>\n\t\t\t\t<\/div>\n\t\t<div class=\"elementor-element elementor-element-eba4578 e-flex e-con-boxed e-con e-parent\" data-id=\"eba4578\" data-element_type=\"container\" data-e-type=\"container\">\n\t\t\t\t\t<div class=\"e-con-inner\">\n\t\t<a class=\"elementor-element elementor-element-c7094a2 e-con-full cta-bubble elementor-hidden-tablet elementor-hidden-mobile e-flex e-con e-child\" data-id=\"c7094a2\" data-element_type=\"container\" data-e-type=\"container\" data-settings=\"{&quot;background_background&quot;:&quot;classic&quot;}\" href=\"https:\/\/www.braunuvdum.cz\/en\/pronajem-prostor\/\">\n\t\t\t\t<div class=\"elementor-element elementor-element-5b41cac elementor-widget elementor-widget-heading\" data-id=\"5b41cac\" data-element_type=\"widget\" data-e-type=\"widget\" data-widget_type=\"heading.default\">\n\t\t\t\t\t<h2 class=\"elementor-heading-title elementor-size-default\">PREMISES FOR RENT AT BRAUN PALACE <\/h2>\t\t\t\t<\/div>\n\t\t\t\t<\/a>\n\t\t<div class=\"elementor-element elementor-element-431aa9a e-con-full e-flex e-con e-child\" data-id=\"431aa9a\" data-element_type=\"container\" data-e-type=\"container\">\n\t\t\t\t<\/div>\n\t\t\t\t\t<\/div>\n\t\t\t\t<\/div>\n\t\t<div class=\"elementor-element elementor-element-dba11aa e-flex e-con-boxed e-con e-parent\" data-id=\"dba11aa\" data-element_type=\"container\" data-e-type=\"container\" data-settings=\"{&quot;background_background&quot;:&quot;classic&quot;}\">\n\t\t\t\t\t<div class=\"e-con-inner\">\n\t\t<div class=\"elementor-element elementor-element-cc48cf3 e-con-full e-flex e-con e-child\" data-id=\"cc48cf3\" data-element_type=\"container\" data-e-type=\"container\">\n\t\t\t\t<div class=\"elementor-element elementor-element-7632b0b elementor-cta--skin-cover elementor-cta--valign-middle elementor-animated-content elementor-bg-transform elementor-bg-transform-zoom-in elementor-widget elementor-widget-call-to-action\" data-id=\"7632b0b\" data-element_type=\"widget\" data-e-type=\"widget\" data-widget_type=\"call-to-action.default\">\n\t\t\t\t\t\t\t<a class=\"elementor-cta\" href=\"https:\/\/www.braunuvdum.cz\/en\/historie\/\">\n\t\t\t\t\t<div class=\"elementor-cta__bg-wrapper\">\n\t\t\t\t<div class=\"elementor-cta__bg elementor-bg\" style=\"background-image: url(https:\/\/www.braunuvdum.cz\/wp-content\/uploads\/2025\/10\/Historie_domu.jpg);\" role=\"img\" aria-label=\"Historie_domu\"><\/div>\n\t\t\t\t<div class=\"elementor-cta__bg-overlay\"><\/div>\n\t\t\t<\/div>\n\t\t\t\t\t\t\t<div class=\"elementor-cta__content\">\n\t\t\t\t\n\t\t\t\t\t\t\t\t\t<h2 class=\"elementor-cta__title elementor-cta__content-item elementor-content-item elementor-animated-item--grow translation-block\">HISTORY<\/h2>\n\t\t\t\t\n\t\t\t\t\n\t\t\t\t\t\t\t<\/div>\n\t\t\t\t\t\t<\/a>\n\t\t\t\t\t\t<\/div>\n\t\t\t\t<\/div>\n\t\t<div class=\"elementor-element elementor-element-c4f1f55 e-con-full e-flex e-con e-child\" data-id=\"c4f1f55\" data-element_type=\"container\" data-e-type=\"container\">\n\t\t\t\t<div class=\"elementor-element elementor-element-5800f09 elementor-cta--skin-cover elementor-animated-content elementor-bg-transform elementor-bg-transform-zoom-in elementor-widget elementor-widget-call-to-action\" data-id=\"5800f09\" data-element_type=\"widget\" data-e-type=\"widget\" data-widget_type=\"call-to-action.default\">\n\t\t\t\t\t\t\t<a class=\"elementor-cta\" href=\"https:\/\/www.braunuvdum.cz\/en\/pronajem-prostor\/\">\n\t\t\t\t\t<div class=\"elementor-cta__bg-wrapper\">\n\t\t\t\t<div class=\"elementor-cta__bg elementor-bg\" style=\"background-image: url(https:\/\/www.braunuvdum.cz\/wp-content\/uploads\/2025\/10\/pronajem-prostor-bd-new.jpeg);\" role=\"img\" aria-label=\"pronajem prostor bd new\"><\/div>\n\t\t\t\t<div class=\"elementor-cta__bg-overlay\"><\/div>\n\t\t\t<\/div>\n\t\t\t\t\t\t\t<div class=\"elementor-cta__content\">\n\t\t\t\t\n\t\t\t\t\t\t\t\t\t<h2 class=\"elementor-cta__title elementor-cta__content-item elementor-content-item elementor-animated-item--grow\">\n\t\t\t\t\t\tSITE RENTALS\t\t\t\t\t<\/h2>\n\t\t\t\t\n\t\t\t\t\n\t\t\t\t\t\t\t<\/div>\n\t\t\t\t\t\t<\/a>\n\t\t\t\t\t\t<\/div>\n\t\t\t\t<\/div>\n\t\t\t\t\t<\/div>\n\t\t\t\t<\/div>\n\t\t<div class=\"elementor-element elementor-element-e1786f9 e-flex e-con-boxed e-con e-parent\" data-id=\"e1786f9\" data-element_type=\"container\" data-e-type=\"container\" data-settings=\"{&quot;background_background&quot;:&quot;classic&quot;}\">\n\t\t\t\t\t<div class=\"e-con-inner\">\n\t\t\t\t<div class=\"elementor-element elementor-element-9149c24 elementor-widget elementor-widget-heading\" data-id=\"9149c24\" data-element_type=\"widget\" data-e-type=\"widget\" data-widget_type=\"heading.default\">\n\t\t\t\t\t<h2 class=\"elementor-heading-title elementor-size-default\">MEDIA<\/h2>\t\t\t\t<\/div>\n\t\t\t\t\t<\/div>\n\t\t\t\t<\/div>\n\t\t<div class=\"elementor-element elementor-element-eadf565 e-flex e-con-boxed e-con e-parent\" data-id=\"eadf565\" data-element_type=\"container\" data-e-type=\"container\" data-settings=\"{&quot;background_background&quot;:&quot;classic&quot;}\">\n\t\t\t\t\t<div class=\"e-con-inner\">\n\t\t<div class=\"elementor-element elementor-element-9de9c0c e-con-full e-flex e-con e-child\" data-id=\"9de9c0c\" data-element_type=\"container\" data-e-type=\"container\">\n\t\t\t\t<div class=\"elementor-element elementor-element-a3e2731 elementor-widget elementor-widget-image\" data-id=\"a3e2731\" data-element_type=\"widget\" data-e-type=\"widget\" data-widget_type=\"image.default\">\n\t\t\t\t\t\t\t\t\t\t\t\t\t\t\t<img fetchpriority=\"high\" decoding=\"async\" width=\"2202\" height=\"320\" src=\"https:\/\/www.braunuvdum.cz\/wp-content\/uploads\/2026\/04\/CT-logo-sirkove-bile.png\" class=\"attachment-full size-full wp-image-1131\" alt=\"\" srcset=\"https:\/\/www.braunuvdum.cz\/wp-content\/uploads\/2026\/04\/CT-logo-sirkove-bile.png 2202w, https:\/\/www.braunuvdum.cz\/wp-content\/uploads\/2026\/04\/CT-logo-sirkove-bile-300x44.png 300w, https:\/\/www.braunuvdum.cz\/wp-content\/uploads\/2026\/04\/CT-logo-sirkove-bile-1024x149.png 1024w, https:\/\/www.braunuvdum.cz\/wp-content\/uploads\/2026\/04\/CT-logo-sirkove-bile-768x112.png 768w, https:\/\/www.braunuvdum.cz\/wp-content\/uploads\/2026\/04\/CT-logo-sirkove-bile-1536x223.png 1536w, https:\/\/www.braunuvdum.cz\/wp-content\/uploads\/2026\/04\/CT-logo-sirkove-bile-2048x298.png 2048w, https:\/\/www.braunuvdum.cz\/wp-content\/uploads\/2026\/04\/CT-logo-sirkove-bile-18x3.png 18w\" sizes=\"(max-width: 2202px) 100vw, 2202px\" \/>\t\t\t\t\t\t\t\t\t\t\t\t\t\t\t<\/div>\n\t\t\t\t<div class=\"elementor-element elementor-element-3c0adce elementor-align-center elementor-widget elementor-widget-button\" data-id=\"3c0adce\" data-element_type=\"widget\" data-e-type=\"widget\" data-widget_type=\"button.default\">\n\t\t\t\t\t\t\t\t\t\t<a class=\"elementor-button elementor-button-link elementor-size-sm\" href=\"https:\/\/www.braunuvdum.cz\/en\/reportaz-ceske-televize\/\">\n\t\t\t\t\t\t<span class=\"elementor-button-content-wrapper\">\n\t\t\t\t\t\t<span class=\"elementor-button-icon\">\n\t\t\t\t<svg aria-hidden=\"true\" class=\"e-font-icon-svg e-fas-angle-right\" viewbox=\"0 0 256 512\" xmlns=\"http:\/\/www.w3.org\/2000\/svg\"><path d=\"M224.3 273l-136 136c-9.4 9.4-24.6 9.4-33.9 0l-22.6-22.6c-9.4-9.4-9.4-24.6 0-33.9l96.4-96.4-96.4-96.4c-9.4-9.4-9.4-24.6 0-33.9L54.3 103c9.4-9.4 24.6-9.4 33.9 0l136 136c9.5 9.4 9.5 24.6.1 34z\"><\/path><\/svg>\t\t\t<\/span>\n\t\t\t\t\t\t\t\t\t<span class=\"elementor-button-text\">More<\/span>\n\t\t\t\t\t<\/span>\n\t\t\t\t\t<\/a>\n\t\t\t\t\t\t\t\t<\/div>\n\t\t\t\t<\/div>\n\t\t<div class=\"elementor-element elementor-element-57ea8a4 e-con-full e-flex e-con e-child\" data-id=\"57ea8a4\" data-element_type=\"container\" data-e-type=\"container\">\n\t\t\t\t<div class=\"elementor-element elementor-element-0dd674f elementor-widget elementor-widget-image\" data-id=\"0dd674f\" data-element_type=\"widget\" data-e-type=\"widget\" data-widget_type=\"image.default\">\n\t\t\t\t\t\t\t\t\t\t\t\t\t\t\t<img decoding=\"async\" width=\"698\" height=\"104\" src=\"https:\/\/www.braunuvdum.cz\/wp-content\/uploads\/2026\/04\/CRo-Cesky_rozhlas-H-WHITE.png\" class=\"attachment-full size-full wp-image-1130\" alt=\"\" srcset=\"https:\/\/www.braunuvdum.cz\/wp-content\/uploads\/2026\/04\/CRo-Cesky_rozhlas-H-WHITE.png 698w, https:\/\/www.braunuvdum.cz\/wp-content\/uploads\/2026\/04\/CRo-Cesky_rozhlas-H-WHITE-300x45.png 300w, https:\/\/www.braunuvdum.cz\/wp-content\/uploads\/2026\/04\/CRo-Cesky_rozhlas-H-WHITE-18x3.png 18w\" sizes=\"(max-width: 698px) 100vw, 698px\" \/>\t\t\t\t\t\t\t\t\t\t\t\t\t\t\t<\/div>\n\t\t\t\t<div class=\"elementor-element elementor-element-e7d703d elementor-align-center elementor-widget elementor-widget-button\" data-id=\"e7d703d\" data-element_type=\"widget\" data-e-type=\"widget\" data-widget_type=\"button.default\">\n\t\t\t\t\t\t\t\t\t\t<a class=\"elementor-button elementor-button-link elementor-size-sm\" href=\"https:\/\/www.braunuvdum.cz\/en\/reportaz-ceskeho-rozhlasu\/\">\n\t\t\t\t\t\t<span class=\"elementor-button-content-wrapper\">\n\t\t\t\t\t\t<span class=\"elementor-button-icon\">\n\t\t\t\t<svg aria-hidden=\"true\" class=\"e-font-icon-svg e-fas-angle-right\" viewbox=\"0 0 256 512\" xmlns=\"http:\/\/www.w3.org\/2000\/svg\"><path d=\"M224.3 273l-136 136c-9.4 9.4-24.6 9.4-33.9 0l-22.6-22.6c-9.4-9.4-9.4-24.6 0-33.9l96.4-96.4-96.4-96.4c-9.4-9.4-9.4-24.6 0-33.9L54.3 103c9.4-9.4 24.6-9.4 33.9 0l136 136c9.5 9.4 9.5 24.6.1 34z\"><\/path><\/svg>\t\t\t<\/span>\n\t\t\t\t\t\t\t\t\t<span class=\"elementor-button-text\">More<\/span>\n\t\t\t\t\t<\/span>\n\t\t\t\t\t<\/a>\n\t\t\t\t\t\t\t\t<\/div>\n\t\t\t\t<\/div>\n\t\t\t\t\t<\/div>\n\t\t\t\t<\/div>\n\t\t<div class=\"elementor-element elementor-element-9cb5062 e-flex e-con-boxed e-con e-parent\" data-id=\"9cb5062\" data-element_type=\"container\" data-e-type=\"container\">\n\t\t\t\t\t<div class=\"e-con-inner\">\n\t\t\t\t<div class=\"elementor-element elementor-element-e5623e2 elementor-widget elementor-widget-heading\" data-id=\"e5623e2\" data-element_type=\"widget\" data-e-type=\"widget\" data-widget_type=\"heading.default\">\n\t\t\t\t\t<h2 class=\"elementor-heading-title elementor-size-default\">OUR CLIENTS<\/h2>\t\t\t\t<\/div>\n\t\t\t\t\t<\/div>\n\t\t\t\t<\/div>\n\t\t<div class=\"elementor-element elementor-element-f2edd63 e-flex e-con-boxed e-con e-parent\" data-id=\"f2edd63\" data-element_type=\"container\" data-e-type=\"container\">\n\t\t\t\t\t<div class=\"e-con-inner\">\n\t\t\t\t<div class=\"elementor-element elementor-element-0acd868 elementor-arrows-position-outside elementor-widget elementor-widget-image-carousel\" data-id=\"0acd868\" data-element_type=\"widget\" data-e-type=\"widget\" data-settings=\"{&quot;slides_to_show&quot;:&quot;5&quot;,&quot;navigation&quot;:&quot;arrows&quot;,&quot;autoplay_speed&quot;:3000,&quot;autoplay&quot;:&quot;yes&quot;,&quot;pause_on_hover&quot;:&quot;yes&quot;,&quot;infinite&quot;:&quot;yes&quot;,&quot;speed&quot;:500}\" data-widget_type=\"image-carousel.default\">\n\t\t\t\t\t\t\t<div class=\"elementor-image-carousel-wrapper swiper\" role=\"region\" aria-roledescription=\"carousel\" aria-label=\"Obr\u00e1zkov\u00fd koloto\u010d\" dir=\"ltr\">\n\t\t\t<div class=\"elementor-image-carousel swiper-wrapper swiper-image-stretch\" aria-live=\"off\">\n\t\t\t\t\t\t\t\t<div class=\"swiper-slide\" role=\"group\" aria-roledescription=\"slide\" aria-label=\"1 of 14\"><figure class=\"swiper-slide-inner\"><img decoding=\"async\" class=\"swiper-slide-image\" src=\"https:\/\/www.braunuvdum.cz\/wp-content\/uploads\/2025\/10\/Braunuv_dum_loga_partneru_2025_Urad_vlady_CR-1024x311.png\" alt=\"Braunuv_dum_loga_partneru_2025_Urad_vlady_CR\" \/><\/figure><\/div><div class=\"swiper-slide\" role=\"group\" aria-roledescription=\"slide\" aria-label=\"2 of 14\"><figure class=\"swiper-slide-inner\"><img decoding=\"async\" class=\"swiper-slide-image\" src=\"https:\/\/www.braunuvdum.cz\/wp-content\/uploads\/2025\/10\/Braunuv_dum_loga_partneru_2025_Transparency_internacional-1024x311.png\" alt=\"Braunuv_dum_loga_partneru_2025_Transparency_internacional\" \/><\/figure><\/div><div class=\"swiper-slide\" role=\"group\" aria-roledescription=\"slide\" aria-label=\"3 of 14\"><figure class=\"swiper-slide-inner\"><img decoding=\"async\" class=\"swiper-slide-image\" src=\"https:\/\/www.braunuvdum.cz\/wp-content\/uploads\/2025\/10\/Braunuv_dum_loga_partneru_2025_Remax-1024x311.png\" alt=\"Braunuv_dum_loga_partneru_2025_Remax\" \/><\/figure><\/div><div class=\"swiper-slide\" role=\"group\" aria-roledescription=\"slide\" aria-label=\"4 of 14\"><figure class=\"swiper-slide-inner\"><img decoding=\"async\" class=\"swiper-slide-image\" src=\"https:\/\/www.braunuvdum.cz\/wp-content\/uploads\/2025\/10\/Braunuv_dum_loga_partneru_2025_PharmaSwiss-1024x311.png\" alt=\"Braunuv_dum_loga_partneru_2025_PharmaSwiss\" \/><\/figure><\/div><div class=\"swiper-slide\" role=\"group\" aria-roledescription=\"slide\" aria-label=\"5 of 14\"><figure class=\"swiper-slide-inner\"><img decoding=\"async\" class=\"swiper-slide-image\" src=\"https:\/\/www.braunuvdum.cz\/wp-content\/uploads\/2025\/10\/Braunuv_dum_loga_partneru_2025_NUDZ-1024x311.png\" alt=\"Braunuv_dum_loga_partneru_2025_NUDZ\" \/><\/figure><\/div><div class=\"swiper-slide\" role=\"group\" aria-roledescription=\"slide\" aria-label=\"6 of 14\"><figure class=\"swiper-slide-inner\"><img decoding=\"async\" class=\"swiper-slide-image\" src=\"https:\/\/www.braunuvdum.cz\/wp-content\/uploads\/2025\/10\/Braunuv_dum_loga_partneru_2025_MPSV-1024x311.png\" alt=\"Braunuv_dum_loga_partneru_2025_MPSV\" \/><\/figure><\/div><div class=\"swiper-slide\" role=\"group\" aria-roledescription=\"slide\" aria-label=\"7 of 14\"><figure class=\"swiper-slide-inner\"><img decoding=\"async\" class=\"swiper-slide-image\" src=\"https:\/\/www.braunuvdum.cz\/wp-content\/uploads\/2025\/10\/Braunuv_dum_loga_partneru_2025_ministerstvo_zahranici_dansko-1024x311.png\" alt=\"Braunuv_dum_loga_partneru_2025_ministerstvo_zahranici_dansko\" \/><\/figure><\/div><div class=\"swiper-slide\" role=\"group\" aria-roledescription=\"slide\" aria-label=\"8 of 14\"><figure class=\"swiper-slide-inner\"><img decoding=\"async\" class=\"swiper-slide-image\" src=\"https:\/\/www.braunuvdum.cz\/wp-content\/uploads\/2025\/10\/Braunuv_dum_loga_partneru_2025_MEWS-1024x311.png\" alt=\"Braunuv_dum_loga_partneru_2025_MEWS\" \/><\/figure><\/div><div class=\"swiper-slide\" role=\"group\" aria-roledescription=\"slide\" aria-label=\"9 of 14\"><figure class=\"swiper-slide-inner\"><img decoding=\"async\" class=\"swiper-slide-image\" src=\"https:\/\/www.braunuvdum.cz\/wp-content\/uploads\/2025\/10\/Braunuv_dum_loga_partneru_2025_KB-1024x311.png\" alt=\"Braunuv_dum_loga_partneru_2025_KB\" \/><\/figure><\/div><div class=\"swiper-slide\" role=\"group\" aria-roledescription=\"slide\" aria-label=\"10 of 14\"><figure class=\"swiper-slide-inner\"><img decoding=\"async\" class=\"swiper-slide-image\" src=\"https:\/\/www.braunuvdum.cz\/wp-content\/uploads\/2025\/10\/Braunuv_dum_loga_partneru_2025_IKEM-1024x311.png\" alt=\"Braunuv_dum_loga_partneru_2025_IKEM\" \/><\/figure><\/div><div class=\"swiper-slide\" role=\"group\" aria-roledescription=\"slide\" aria-label=\"11 of 14\"><figure class=\"swiper-slide-inner\"><img decoding=\"async\" class=\"swiper-slide-image\" src=\"https:\/\/www.braunuvdum.cz\/wp-content\/uploads\/2025\/10\/Braunuv_dum_loga_partneru_2025_CVUT-1024x311.png\" alt=\"Braunuv_dum_loga_partneru_2025_CVUT\" \/><\/figure><\/div><div class=\"swiper-slide\" role=\"group\" aria-roledescription=\"slide\" aria-label=\"12 of 14\"><figure class=\"swiper-slide-inner\"><img decoding=\"async\" class=\"swiper-slide-image\" src=\"https:\/\/www.braunuvdum.cz\/wp-content\/uploads\/2025\/10\/Braunuv_dum_loga_partneru_2025_CSK-1024x311.png\" alt=\"Braunuv_dum_loga_partneru_2025_CSK\" \/><\/figure><\/div><div class=\"swiper-slide\" role=\"group\" aria-roledescription=\"slide\" aria-label=\"13 of 14\"><figure class=\"swiper-slide-inner\"><img decoding=\"async\" class=\"swiper-slide-image\" src=\"https:\/\/www.braunuvdum.cz\/wp-content\/uploads\/2025\/10\/Braunuv_dum_loga_partneru_2025_Clovek_v_tisni-1024x311.png\" alt=\"Braunuv_dum_loga_partneru_2025_Clovek_v_tisni\" \/><\/figure><\/div><div class=\"swiper-slide\" role=\"group\" aria-roledescription=\"slide\" aria-label=\"14 of 14\"><figure class=\"swiper-slide-inner\"><img decoding=\"async\" class=\"swiper-slide-image\" src=\"https:\/\/www.braunuvdum.cz\/wp-content\/uploads\/2025\/10\/Braunuv_dum_loga_partneru_2025_Cesky_Florbal-1024x311.png\" alt=\"Braunuv_dum_loga_partneru_2025_Cesky_Florbal\" \/><\/figure><\/div>\t\t\t<\/div>\n\t\t\t\t\t\t\t\t\t\t\t\t<div class=\"elementor-swiper-button elementor-swiper-button-prev\" role=\"button\" tabindex=\"0\">\n\t\t\t\t\t\t<svg aria-hidden=\"true\" class=\"e-font-icon-svg e-eicon-chevron-left\" viewbox=\"0 0 1000 1000\" xmlns=\"http:\/\/www.w3.org\/2000\/svg\"><path d=\"M646 125C629 125 613 133 604 142L308 442C296 454 292 471 292 487 292 504 296 521 308 533L604 854C617 867 629 875 646 875 663 875 679 871 692 858 704 846 713 829 713 812 713 796 708 779 692 767L438 487 692 225C700 217 708 204 708 187 708 171 704 154 692 142 675 129 663 125 646 125Z\"><\/path><\/svg>\t\t\t\t\t<\/div>\n\t\t\t\t\t<div class=\"elementor-swiper-button elementor-swiper-button-next\" role=\"button\" tabindex=\"0\">\n\t\t\t\t\t\t<svg aria-hidden=\"true\" class=\"e-font-icon-svg e-eicon-chevron-right\" viewbox=\"0 0 1000 1000\" xmlns=\"http:\/\/www.w3.org\/2000\/svg\"><path d=\"M696 533C708 521 713 504 713 487 713 471 708 454 696 446L400 146C388 133 375 125 354 125 338 125 325 129 313 142 300 154 292 171 292 187 292 204 296 221 308 233L563 492 304 771C292 783 288 800 288 817 288 833 296 850 308 863 321 871 338 875 354 875 371 875 388 867 400 854L696 533Z\"><\/path><\/svg>\t\t\t\t\t<\/div>\n\t\t\t\t\n\t\t\t\t\t\t\t\t\t<\/div>\n\t\t\t\t\t\t<\/div>\n\t\t\t\t\t<\/div>\n\t\t\t\t<\/div>\n\t\t<div class=\"elementor-element elementor-element-6abac67 e-con-full e-flex e-con e-parent\" data-id=\"6abac67\" data-element_type=\"container\" data-e-type=\"container\">\n\t\t\t\t<div class=\"elementor-element elementor-element-7e214a8 elementor-widget elementor-widget-image\" data-id=\"7e214a8\" data-element_type=\"widget\" data-e-type=\"widget\" data-widget_type=\"image.default\">\n\t\t\t\t\t\t\t\t\t\t\t\t\t\t\t<img decoding=\"async\" width=\"2560\" height=\"108\" src=\"https:\/\/www.braunuvdum.cz\/wp-content\/uploads\/2025\/10\/Pruh-bd-scaled.png\" class=\"attachment-full size-full wp-image-189\" alt=\"\" srcset=\"https:\/\/www.braunuvdum.cz\/wp-content\/uploads\/2025\/10\/Pruh-bd-scaled.png 2560w, https:\/\/www.braunuvdum.cz\/wp-content\/uploads\/2025\/10\/Pruh-bd-300x13.png 300w, https:\/\/www.braunuvdum.cz\/wp-content\/uploads\/2025\/10\/Pruh-bd-1024x43.png 1024w, https:\/\/www.braunuvdum.cz\/wp-content\/uploads\/2025\/10\/Pruh-bd-768x32.png 768w, https:\/\/www.braunuvdum.cz\/wp-content\/uploads\/2025\/10\/Pruh-bd-1536x65.png 1536w, https:\/\/www.braunuvdum.cz\/wp-content\/uploads\/2025\/10\/Pruh-bd-2048x86.png 2048w\" sizes=\"(max-width: 2560px) 100vw, 2560px\" \/>\t\t\t\t\t\t\t\t\t\t\t\t\t\t\t<\/div>\n\t\t\t\t<\/div>\n\t\t\t\t<\/div>","protected":false},"excerpt":{"rendered":"<p>https:\/\/www.braunuvdum.cz\/wp-content\/uploads\/2025\/10\/Braunuv-dum-15-vterin-Vol.-03-1.movhttps:\/\/www.braunuvdum.cz\/wp-content\/uploads\/2025\/10\/Braunuv-dum-15-vterin-Vol.-03-1.mov PRON\u00c1JEM PROSTOR BRAUNOVA DOMU HISTORIEDOMU PRON\u00c1JEM PROSTOR BRAUN\u016eV D\u016eM V&nbsp;M\u00c9DI\u00cdCH V\u00edce V\u00edce NA\u0160I KLIENTI<\/p>","protected":false},"author":1,"featured_media":0,"parent":0,"menu_order":0,"comment_status":"closed","ping_status":"closed","template":"","meta":{"footnotes":""},"class_list":["post-10","page","type-page","status-publish","hentry"],"_links":{"self":[{"href":"https:\/\/www.braunuvdum.cz\/en\/wp-json\/wp\/v2\/pages\/10","targetHints":{"allow":["GET"]}}],"collection":[{"href":"https:\/\/www.braunuvdum.cz\/en\/wp-json\/wp\/v2\/pages"}],"about":[{"href":"https:\/\/www.braunuvdum.cz\/en\/wp-json\/wp\/v2\/types\/page"}],"author":[{"embeddable":true,"href":"https:\/\/www.braunuvdum.cz\/en\/wp-json\/wp\/v2\/users\/1"}],"replies":[{"embeddable":true,"href":"https:\/\/www.braunuvdum.cz\/en\/wp-json\/wp\/v2\/comments?post=10"}],"version-history":[{"count":196,"href":"https:\/\/www.braunuvdum.cz\/en\/wp-json\/wp\/v2\/pages\/10\/revisions"}],"predecessor-version":[{"id":1147,"href":"https:\/\/www.braunuvdum.cz\/en\/wp-json\/wp\/v2\/pages\/10\/revisions\/1147"}],"wp:attachment":[{"href":"https:\/\/www.braunuvdum.cz\/en\/wp-json\/wp\/v2\/media?parent=10"}],"curies":[{"name":"wp","href":"https:\/\/api.w.org\/{rel}","templated":true}]}}